{"id":2936,"date":"2023-10-11T16:44:36","date_gmt":"2023-10-11T16:44:36","guid":{"rendered":"https:\/\/mahdco.com\/?page_id=2936"},"modified":"2024-04-23T14:26:55","modified_gmt":"2024-04-23T14:26:55","slug":"news","status":"publish","type":"page","link":"https:\/\/mahdco.com\/fr\/news\/","title":{"rendered":"Actualit\u00e9s"},"content":{"rendered":"<div data-elementor-type=\"wp-page\" data-elementor-id=\"2936\" class=\"elementor elementor-2936\">\n\t\t\t\t\t\t\t\t\t<div class=\"has_eae_slider elementor-section elementor-top-section elementor-element elementor-element-59f8b29 elementor-section-stretched elementor-section-content-middle elementor-section-boxed elementor-section-height-default elementor-section-height-default\" data-particle_enable=\"false\" data-particle-mobile-disabled=\"false\" data-id=\"59f8b29\" data-element_type=\"section\" data-settings=\"{&quot;stretch_section&quot;:&quot;section-stretched&quot;,&quot;background_background&quot;:&quot;classic&quot;}\">\n\t\t\t\t\t\t<div class=\"elementor-container elementor-column-gap-no\">\n\t\t\t\t\t<div class=\"has_eae_slider elementor-column elementor-col-50 elementor-top-column elementor-element elementor-element-8538a9e\" data-id=\"8538a9e\" data-element_type=\"column\">\n\t\t\t<div class=\"elementor-widget-wrap elementor-element-populated\">\n\t\t\t\t\t\t\t\t<div class=\"elementor-element elementor-element-47f140f elementor-widget-laptop__width-initial elementor-invisible elementor-widget elementor-widget-heading\" data-id=\"47f140f\" data-element_type=\"widget\" data-settings=\"{&quot;_animation&quot;:&quot;fadeInUp&quot;,&quot;_animation_delay&quot;:200}\" data-widget_type=\"heading.default\">\n\t\t\t\t<div class=\"elementor-widget-container\">\n\t\t\t<style>\/*! elementor - v3.18.0 - 08-12-2023 *\/\n.elementor-heading-title{padding:0;margin:0;line-height:1}.elementor-widget-heading .elementor-heading-title[class*=elementor-size-]>a{color:inherit;font-size:inherit;line-height:inherit}.elementor-widget-heading .elementor-heading-title.elementor-size-small{font-size:15px}.elementor-widget-heading .elementor-heading-title.elementor-size-medium{font-size:19px}.elementor-widget-heading .elementor-heading-title.elementor-size-large{font-size:29px}.elementor-widget-heading .elementor-heading-title.elementor-size-xl{font-size:39px}.elementor-widget-heading .elementor-heading-title.elementor-size-xxl{font-size:59px}<\/style><h2 class=\"elementor-heading-title elementor-size-default\">Actualit\u00e9s<\/h2>\t\t<\/div>\n\t\t\t\t<\/div>\n\t\t\t\t\t<\/div>\n\t\t<\/div>\n\t\t\t\t<div class=\"has_eae_slider elementor-column elementor-col-50 elementor-top-column elementor-element elementor-element-355f797\" data-id=\"355f797\" data-element_type=\"column\">\n\t\t\t<div class=\"elementor-widget-wrap\">\n\t\t\t\t\t\t\t\t\t<\/div>\n\t\t<\/div>\n\t\t\t\t\t\t\t<\/div>\n\t\t<\/div>\n\t\t<div class=\"has_eae_slider elementor-element elementor-element-5758dcc e-flex e-con-boxed e-con e-parent\" data-particle_enable=\"false\" data-particle-mobile-disabled=\"false\" data-id=\"5758dcc\" data-element_type=\"container\" data-settings=\"{&quot;content_width&quot;:&quot;boxed&quot;}\" data-core-v316-plus=\"true\">\n\t\t\t\t\t<div class=\"e-con-inner\">\n\t\t\t\t<div class=\"elementor-element elementor-element-cbbb4bb elementor-widget elementor-widget-eael-post-block\" data-id=\"cbbb4bb\" data-element_type=\"widget\" data-widget_type=\"eael-post-block.default\">\n\t\t\t\t<div class=\"elementor-widget-container\">\n\t\t\t<div id=\"eael-post-block-cbbb4bb\" class=\"eael-post-block post-block-style-default post-block-layout-block\">\n            <div class=\"eael-post-block-grid eael-post-appender eael-post-appender-cbbb4bb\"><article class=\"eael-post-block-item eael-post-block-column\">\n        <div class=\"eael-post-block-item-holder\">\n            <div class=\"eael-post-block-item-holder-inner\"><div class=\"eael-entry-media\">\n                        <div class=\"eael-entry-overlay fade-in\"><i class=\"fas fa-long-arrow-alt-right\" aria-hidden=\"true\"><\/i><a href=\"https:\/\/mahdco.com\/fr\/conformite-de-mahdco-au-code-de-conduite-bsci\/\"><\/a>\n                        <\/div>\n                        <div class=\"eael-entry-thumbnail\">\n                            <img decoding=\"async\" src=\"https:\/\/mahdco.com\/wp-content\/uploads\/2023\/11\/AMORFI-1.png\" alt=\"\">\n                        <\/div>\n                    <\/div><div class=\"eael-entry-wrapper\">\n                        <header class=\"eael-entry-header\"><h2 class=\"eael-entry-title\"><a class=\"eael-grid-post-link\" href=\"https:\/\/mahdco.com\/fr\/conformite-de-mahdco-au-code-de-conduite-bsci\/\" title=\"Conformit\u00e9 de MAHDCO au code de conduite BSCI\">Conformit\u00e9 de MAHDCO au code de conduite BSCI<\/a><\/h2><\/header>\n                        \n                        <div class=\"eael-entry-content\"><div class=\"eael-grid-post-excerpt\"><p>C'est avec grand honneur que nous partageons la validation...<\/p><a href=\"https:\/\/mahdco.com\/fr\/conformite-de-mahdco-au-code-de-conduite-bsci\/\" class=\"eael-post-elements-readmore-btn\">Voir Plus<\/a><\/div><\/div>\n                    <\/div><div class=\"eael-entry-footer\"><div class=\"eael-author-avatar\">\n                                <a href=\"https:\/\/mahdco.com\/fr\/author\/eyazd\/\"><img alt='' src='https:\/\/secure.gravatar.com\/avatar\/4ff7845ccd777a2c4660fe9e5f52eb63cb6a3209f3b7edba96b3cd1b82042faf?s=96&#038;d=mm&#038;r=g' srcset='https:\/\/secure.gravatar.com\/avatar\/4ff7845ccd777a2c4660fe9e5f52eb63cb6a3209f3b7edba96b3cd1b82042faf?s=192&#038;d=mm&#038;r=g 2x' class='avatar avatar-96 photo' height='96' width='96' \/><\/a>\n                            <\/div><div class=\"eael-entry-meta\"><div class=\"eael-posted-by\"><a href=\"https:\/\/mahdco.com\/fr\/author\/eyazd\/\" title=\"Articles par eya zidi\" rel=\"author\">eya zidi<\/a><\/div><div class=\"eael-posted-on\"><time datetime=\"2 novembre 2023\">2 novembre 2023<\/time><\/div><\/div><\/div><\/div>\n        <\/div>\n    <\/article><article class=\"eael-post-block-item eael-post-block-column\">\n        <div class=\"eael-post-block-item-holder\">\n            <div class=\"eael-post-block-item-holder-inner\"><div class=\"eael-entry-media\">\n                        <div class=\"eael-entry-overlay fade-in\"><i class=\"fas fa-long-arrow-alt-right\" aria-hidden=\"true\"><\/i><a href=\"https:\/\/mahdco.com\/fr\/le-salon-virtuel-destination-africa\/\"><\/a>\n                        <\/div>\n                        <div class=\"eael-entry-thumbnail\">\n                            <img decoding=\"async\" src=\"https:\/\/mahdco.com\/wp-content\/uploads\/2023\/11\/Destination-Africa.png\" alt=\"\">\n                        <\/div>\n                    <\/div><div class=\"eael-entry-wrapper\">\n                        <header class=\"eael-entry-header\"><h2 class=\"eael-entry-title\"><a class=\"eael-grid-post-link\" href=\"https:\/\/mahdco.com\/fr\/le-salon-virtuel-destination-africa\/\" title=\"Le salon virtuel DESTINATION AFRICA\">Le salon virtuel DESTINATION AFRICA<\/a><\/h2><\/header>\n                        \n                        <div class=\"eael-entry-content\"><div class=\"eael-grid-post-excerpt\"><p>We are delighted to announce that #MAHDCO Tunisia will be...<\/p><a href=\"https:\/\/mahdco.com\/fr\/le-salon-virtuel-destination-africa\/\" class=\"eael-post-elements-readmore-btn\">Voir Plus<\/a><\/div><\/div>\n                    <\/div><div class=\"eael-entry-footer\"><div class=\"eael-author-avatar\">\n                                <a href=\"https:\/\/mahdco.com\/fr\/author\/eyazd\/\"><img alt='' src='https:\/\/secure.gravatar.com\/avatar\/4ff7845ccd777a2c4660fe9e5f52eb63cb6a3209f3b7edba96b3cd1b82042faf?s=96&#038;d=mm&#038;r=g' srcset='https:\/\/secure.gravatar.com\/avatar\/4ff7845ccd777a2c4660fe9e5f52eb63cb6a3209f3b7edba96b3cd1b82042faf?s=192&#038;d=mm&#038;r=g 2x' class='avatar avatar-96 photo' height='96' width='96' \/><\/a>\n                            <\/div><div class=\"eael-entry-meta\"><div class=\"eael-posted-by\"><a href=\"https:\/\/mahdco.com\/fr\/author\/eyazd\/\" title=\"Articles par eya zidi\" rel=\"author\">eya zidi<\/a><\/div><div class=\"eael-posted-on\"><time datetime=\"2 novembre 2023\">2 novembre 2023<\/time><\/div><\/div><\/div><\/div>\n        <\/div>\n    <\/article><article class=\"eael-post-block-item eael-post-block-column\">\n        <div class=\"eael-post-block-item-holder\">\n            <div class=\"eael-post-block-item-holder-inner\"><div class=\"eael-entry-media\">\n                        <div class=\"eael-entry-overlay fade-in\"><i class=\"fas fa-long-arrow-alt-right\" aria-hidden=\"true\"><\/i><a href=\"https:\/\/mahdco.com\/fr\/campagne-de-vaccination-covid-19\/\"><\/a>\n                        <\/div>\n                        <div class=\"eael-entry-thumbnail\">\n                            <img decoding=\"async\" src=\"https:\/\/mahdco.com\/wp-content\/uploads\/2023\/11\/235252527_183493847068969_4725354615413396580_n.jpg\" alt=\"\">\n                        <\/div>\n                    <\/div><div class=\"eael-entry-wrapper\">\n                        <header class=\"eael-entry-header\"><h2 class=\"eael-entry-title\"><a class=\"eael-grid-post-link\" href=\"https:\/\/mahdco.com\/fr\/campagne-de-vaccination-covid-19\/\" title=\"Campagne de Vaccination COVID-19\">Campagne de Vaccination COVID-19<\/a><\/h2><\/header>\n                        \n                        <div class=\"eael-entry-content\"><div class=\"eael-grid-post-excerpt\"><p>As part of the vaccination plan announced by the Tunisian...<\/p><a href=\"https:\/\/mahdco.com\/fr\/campagne-de-vaccination-covid-19\/\" class=\"eael-post-elements-readmore-btn\">Voir Plus<\/a><\/div><\/div>\n                    <\/div><div class=\"eael-entry-footer\"><div class=\"eael-author-avatar\">\n                                <a href=\"https:\/\/mahdco.com\/fr\/author\/eyazd\/\"><img alt='' src='https:\/\/secure.gravatar.com\/avatar\/4ff7845ccd777a2c4660fe9e5f52eb63cb6a3209f3b7edba96b3cd1b82042faf?s=96&#038;d=mm&#038;r=g' srcset='https:\/\/secure.gravatar.com\/avatar\/4ff7845ccd777a2c4660fe9e5f52eb63cb6a3209f3b7edba96b3cd1b82042faf?s=192&#038;d=mm&#038;r=g 2x' class='avatar avatar-96 photo' height='96' width='96' \/><\/a>\n                            <\/div><div class=\"eael-entry-meta\"><div class=\"eael-posted-by\"><a href=\"https:\/\/mahdco.com\/fr\/author\/eyazd\/\" title=\"Articles par eya zidi\" rel=\"author\">eya zidi<\/a><\/div><div class=\"eael-posted-on\"><time datetime=\"2 novembre 2023\">2 novembre 2023<\/time><\/div><\/div><\/div><\/div>\n        <\/div>\n    <\/article><article class=\"eael-post-block-item eael-post-block-column\">\n        <div class=\"eael-post-block-item-holder\">\n            <div class=\"eael-post-block-item-holder-inner\"><div class=\"eael-entry-media\">\n                        <div class=\"eael-entry-overlay fade-in\"><i class=\"fas fa-long-arrow-alt-right\" aria-hidden=\"true\"><\/i><a href=\"https:\/\/mahdco.com\/fr\/grs-certification\/\"><\/a>\n                        <\/div>\n                        <div class=\"eael-entry-thumbnail\">\n                            <img decoding=\"async\" src=\"https:\/\/mahdco.com\/wp-content\/uploads\/2023\/11\/GRS-1.jpg\" alt=\"\">\n                        <\/div>\n                    <\/div><div class=\"eael-entry-wrapper\">\n                        <header class=\"eael-entry-header\"><h2 class=\"eael-entry-title\"><a class=\"eael-grid-post-link\" href=\"https:\/\/mahdco.com\/fr\/grs-certification\/\" title=\"Certification GRS\">Certification GRS<\/a><\/h2><\/header>\n                        \n                        <div class=\"eael-entry-content\"><div class=\"eael-grid-post-excerpt\"><p>MAHDCO TUNISIE&nbsp;has pursued and obtained in&nbsp;August 2022&nbsp;its&nbsp;GRS 4.0&nbsp;(Global Recycled Standard)...<\/p><a href=\"https:\/\/mahdco.com\/fr\/grs-certification\/\" class=\"eael-post-elements-readmore-btn\">Voir Plus<\/a><\/div><\/div>\n                    <\/div><div class=\"eael-entry-footer\"><div class=\"eael-author-avatar\">\n                                <a href=\"https:\/\/mahdco.com\/fr\/author\/eyazd\/\"><img alt='' src='https:\/\/secure.gravatar.com\/avatar\/4ff7845ccd777a2c4660fe9e5f52eb63cb6a3209f3b7edba96b3cd1b82042faf?s=96&#038;d=mm&#038;r=g' srcset='https:\/\/secure.gravatar.com\/avatar\/4ff7845ccd777a2c4660fe9e5f52eb63cb6a3209f3b7edba96b3cd1b82042faf?s=192&#038;d=mm&#038;r=g 2x' class='avatar avatar-96 photo' height='96' width='96' \/><\/a>\n                            <\/div><div class=\"eael-entry-meta\"><div class=\"eael-posted-by\"><a href=\"https:\/\/mahdco.com\/fr\/author\/eyazd\/\" title=\"Articles par eya zidi\" rel=\"author\">eya zidi<\/a><\/div><div class=\"eael-posted-on\"><time datetime=\"2 novembre 2023\">2 novembre 2023<\/time><\/div><\/div><\/div><\/div>\n        <\/div>\n    <\/article><\/div>\n\t\t<\/div>\t\t<\/div>\n\t\t\t\t<\/div>\n\t\t\t\t\t<\/div>\n\t\t\t\t<\/div>\n\t\t\t\t<div class=\"has_eae_slider elementor-section elementor-top-section elementor-element elementor-element-2dacc8d elementor-section-stretched elementor-section-boxed elementor-section-height-default elementor-section-height-default elementor-invisible\" data-particle_enable=\"false\" data-particle-mobile-disabled=\"false\" data-id=\"2dacc8d\" data-element_type=\"section\" data-settings=\"{&quot;stretch_section&quot;:&quot;section-stretched&quot;,&quot;background_background&quot;:&quot;classic&quot;,&quot;background_motion_fx_motion_fx_scrolling&quot;:&quot;yes&quot;,&quot;background_motion_fx_translateY_effect&quot;:&quot;yes&quot;,&quot;animation&quot;:&quot;fadeInUp&quot;,&quot;animation_delay&quot;:300,&quot;background_motion_fx_translateY_speed&quot;:{&quot;unit&quot;:&quot;px&quot;,&quot;size&quot;:3,&quot;sizes&quot;:[]},&quot;background_motion_fx_translateY_affectedRange&quot;:{&quot;unit&quot;:&quot;%&quot;,&quot;size&quot;:&quot;&quot;,&quot;sizes&quot;:{&quot;start&quot;:20,&quot;end&quot;:80}},&quot;background_motion_fx_devices&quot;:[&quot;desktop&quot;,&quot;tablet&quot;,&quot;mobile&quot;]}\">\n\t\t\t\t\t\t\t<div class=\"elementor-background-overlay\"><\/div>\n\t\t\t\t\t\t\t<div class=\"elementor-container elementor-column-gap-no\">\n\t\t\t\t\t<div class=\"has_eae_slider elementor-column elementor-col-100 elementor-top-column elementor-element elementor-element-1bd50062\" data-id=\"1bd50062\" data-element_type=\"column\">\n\t\t\t<div class=\"elementor-widget-wrap elementor-element-populated\">\n\t\t\t\t\t\t\t\t<div class=\"elementor-element elementor-element-57d343ad elementor-widget elementor-widget-heading\" data-id=\"57d343ad\" data-element_type=\"widget\" data-widget_type=\"heading.default\">\n\t\t\t\t<div class=\"elementor-widget-container\">\n\t\t\t<h3 class=\"elementor-heading-title elementor-size-default\">\u00c9lever l'\u00c9l\u00e9gance, Coudre les R\u00eaves \u2013 MAHDCO TUNISIE, o\u00f9 la Qualit\u00e9 s'Exprime.<\/h3>\t\t<\/div>\n\t\t\t\t<\/div>\n\t\t\t\t<div class=\"elementor-element elementor-element-4fb018b9 elementor-widget elementor-widget-spacer\" data-id=\"4fb018b9\" data-element_type=\"widget\" data-widget_type=\"spacer.default\">\n\t\t\t\t<div class=\"elementor-widget-container\">\n\t\t\t<style>\/*! elementor - v3.18.0 - 08-12-2023 *\/\n.elementor-column .elementor-spacer-inner{height:var(--spacer-size)}.e-con{--container-widget-width:100%}.e-con-inner>.elementor-widget-spacer,.e-con>.elementor-widget-spacer{width:var(--container-widget-width,var(--spacer-size));--align-self:var(--container-widget-align-self,initial);--flex-shrink:0}.e-con-inner>.elementor-widget-spacer>.elementor-widget-container,.e-con>.elementor-widget-spacer>.elementor-widget-container{height:100%;width:100%}.e-con-inner>.elementor-widget-spacer>.elementor-widget-container>.elementor-spacer,.e-con>.elementor-widget-spacer>.elementor-widget-container>.elementor-spacer{height:100%}.e-con-inner>.elementor-widget-spacer>.elementor-widget-container>.elementor-spacer>.elementor-spacer-inner,.e-con>.elementor-widget-spacer>.elementor-widget-container>.elementor-spacer>.elementor-spacer-inner{height:var(--container-widget-height,var(--spacer-size))}.e-con-inner>.elementor-widget-spacer.elementor-widget-empty,.e-con>.elementor-widget-spacer.elementor-widget-empty{position:relative;min-height:22px;min-width:22px}.e-con-inner>.elementor-widget-spacer.elementor-widget-empty .elementor-widget-empty-icon,.e-con>.elementor-widget-spacer.elementor-widget-empty .elementor-widget-empty-icon{position:absolute;top:0;bottom:0;left:0;right:0;margin:auto;padding:0;width:22px;height:22px}<\/style>\t\t<div class=\"elementor-spacer\">\n\t\t\t<div class=\"elementor-spacer-inner\"><\/div>\n\t\t<\/div>\n\t\t\t\t<\/div>\n\t\t\t\t<\/div>\n\t\t\t\t<div class=\"elementor-element elementor-element-250f8eed elementor-align-center elementor-widget elementor-widget-button\" data-id=\"250f8eed\" data-element_type=\"widget\" data-widget_type=\"button.default\">\n\t\t\t\t<div class=\"elementor-widget-container\">\n\t\t\t\t\t<div class=\"elementor-button-wrapper\">\n\t\t\t<a class=\"elementor-button elementor-button-link elementor-size-lg\" href=\"#\">\n\t\t\t\t\t\t<span class=\"elementor-button-content-wrapper\">\n\t\t\t\t\t\t<span class=\"elementor-button-text\">Contact<\/span>\n\t\t<\/span>\n\t\t\t\t\t<\/a>\n\t\t<\/div>\n\t\t\t\t<\/div>\n\t\t\t\t<\/div>\n\t\t\t\t\t<\/div>\n\t\t<\/div>\n\t\t\t\t\t\t\t<\/div>\n\t\t<\/div>\n\t\t\t\t\t\t\t<\/div>","protected":false},"excerpt":{"rendered":"<p>News Compliance of MAHDCO with the BSCI Code of Conduct It is with great honor that we share the validation&#8230; Read More eya zidi2 novembre 2023 The virtual trade show DESTINATION AFRICA We are delighted to announce [&hellip;]<\/p>","protected":false},"author":1,"featured_media":0,"parent":0,"menu_order":0,"comment_status":"closed","ping_status":"closed","template":"","meta":{"footnotes":""},"class_list":["post-2936","page","type-page","status-publish","hentry"],"yoast_head":"<!-- This site is optimized with the Yoast SEO plugin v21.7 - https:\/\/yoast.com\/wordpress\/plugins\/seo\/ -->\n<title>News - Mahdco Tunisia<\/title>\n<meta name=\"robots\" content=\"index, follow, max-snippet:-1, max-image-preview:large, max-video-preview:-1\" \/>\n<link rel=\"canonical\" href=\"https:\/\/mahdco.com\/fr\/news\/\" \/>\n<meta property=\"og:locale\" content=\"fr_FR\" \/>\n<meta property=\"og:type\" content=\"article\" \/>\n<meta property=\"og:title\" content=\"News - Mahdco Tunisia\" \/>\n<meta property=\"og:description\" content=\"News Compliance of MAHDCO with the BSCI Code of Conduct It is with great honor that we share the validation&#8230; Read More eya zidi2 novembre 2023 The virtual trade show DESTINATION AFRICA We are delighted to announce [&hellip;]\" \/>\n<meta property=\"og:url\" content=\"https:\/\/mahdco.com\/fr\/news\/\" \/>\n<meta property=\"og:site_name\" content=\"Mahdco Tunisia\" \/>\n<meta property=\"article:modified_time\" content=\"2024-04-23T14:26:55+00:00\" \/>\n<meta property=\"og:image\" content=\"https:\/\/mahdco.com\/wp-content\/uploads\/2023\/11\/AMORFI-1.png\" \/>\n<meta name=\"twitter:card\" content=\"summary_large_image\" \/>\n<meta name=\"twitter:label1\" content=\"Dur\u00e9e de lecture estim\u00e9e\" \/>\n\t<meta name=\"twitter:data1\" content=\"3 minutes\" \/>\n<script type=\"application\/ld+json\" class=\"yoast-schema-graph\">{\"@context\":\"https:\/\/schema.org\",\"@graph\":[{\"@type\":\"WebPage\",\"@id\":\"https:\/\/mahdco.com\/news\/\",\"url\":\"https:\/\/mahdco.com\/news\/\",\"name\":\"News - Mahdco Tunisia\",\"isPartOf\":{\"@id\":\"https:\/\/mahdco.com\/#website\"},\"datePublished\":\"2023-10-11T16:44:36+00:00\",\"dateModified\":\"2024-04-23T14:26:55+00:00\",\"breadcrumb\":{\"@id\":\"https:\/\/mahdco.com\/news\/#breadcrumb\"},\"inLanguage\":\"fr-FR\",\"potentialAction\":[{\"@type\":\"ReadAction\",\"target\":[\"https:\/\/mahdco.com\/news\/\"]}]},{\"@type\":\"BreadcrumbList\",\"@id\":\"https:\/\/mahdco.com\/news\/#breadcrumb\",\"itemListElement\":[{\"@type\":\"ListItem\",\"position\":1,\"name\":\"Home\",\"item\":\"https:\/\/mahdco.com\/\"},{\"@type\":\"ListItem\",\"position\":2,\"name\":\"News\"}]},{\"@type\":\"WebSite\",\"@id\":\"https:\/\/mahdco.com\/#website\",\"url\":\"https:\/\/mahdco.com\/\",\"name\":\"Mahdco Tunisia\",\"description\":\"MAHDCO TUNISIE offers its customers a tailor-made subcontracting service in the manufacture of lingerie, corsetry and swimwear\",\"publisher\":{\"@id\":\"https:\/\/mahdco.com\/#organization\"},\"potentialAction\":[{\"@type\":\"SearchAction\",\"target\":{\"@type\":\"EntryPoint\",\"urlTemplate\":\"https:\/\/mahdco.com\/?s={search_term_string}\"},\"query-input\":\"required name=search_term_string\"}],\"inLanguage\":\"fr-FR\"},{\"@type\":\"Organization\",\"@id\":\"https:\/\/mahdco.com\/#organization\",\"name\":\"Mahdco Tunisia\",\"url\":\"https:\/\/mahdco.com\/\",\"logo\":{\"@type\":\"ImageObject\",\"inLanguage\":\"fr-FR\",\"@id\":\"https:\/\/mahdco.com\/#\/schema\/logo\/image\/\",\"url\":\"http:\/\/mahdco.com\/wp-content\/uploads\/2023\/10\/logo.png\",\"contentUrl\":\"http:\/\/mahdco.com\/wp-content\/uploads\/2023\/10\/logo.png\",\"width\":217,\"height\":277,\"caption\":\"Mahdco Tunisia\"},\"image\":{\"@id\":\"https:\/\/mahdco.com\/#\/schema\/logo\/image\/\"},\"sameAs\":[\"https:\/\/fr.linkedin.com\/company\/mahdco\"]}]}<\/script>\n<!-- \/ Yoast SEO plugin. -->","yoast_head_json":{"title":"News - Mahdco Tunisia","robots":{"index":"index","follow":"follow","max-snippet":"max-snippet:-1","max-image-preview":"max-image-preview:large","max-video-preview":"max-video-preview:-1"},"canonical":"https:\/\/mahdco.com\/fr\/news\/","og_locale":"fr_FR","og_type":"article","og_title":"News - Mahdco Tunisia","og_description":"News Compliance of MAHDCO with the BSCI Code of Conduct It is with great honor that we share the validation&#8230; Read More eya zidi2 novembre 2023 The virtual trade show DESTINATION AFRICA We are delighted to announce [&hellip;]","og_url":"https:\/\/mahdco.com\/fr\/news\/","og_site_name":"Mahdco Tunisia","article_modified_time":"2024-04-23T14:26:55+00:00","og_image":[{"url":"https:\/\/mahdco.com\/wp-content\/uploads\/2023\/11\/AMORFI-1.png"}],"twitter_card":"summary_large_image","twitter_misc":{"Dur\u00e9e de lecture estim\u00e9e":"3 minutes"},"schema":{"@context":"https:\/\/schema.org","@graph":[{"@type":"WebPage","@id":"https:\/\/mahdco.com\/news\/","url":"https:\/\/mahdco.com\/news\/","name":"News - Mahdco Tunisia","isPartOf":{"@id":"https:\/\/mahdco.com\/#website"},"datePublished":"2023-10-11T16:44:36+00:00","dateModified":"2024-04-23T14:26:55+00:00","breadcrumb":{"@id":"https:\/\/mahdco.com\/news\/#breadcrumb"},"inLanguage":"fr-FR","potentialAction":[{"@type":"ReadAction","target":["https:\/\/mahdco.com\/news\/"]}]},{"@type":"BreadcrumbList","@id":"https:\/\/mahdco.com\/news\/#breadcrumb","itemListElement":[{"@type":"ListItem","position":1,"name":"Home","item":"https:\/\/mahdco.com\/"},{"@type":"ListItem","position":2,"name":"News"}]},{"@type":"WebSite","@id":"https:\/\/mahdco.com\/#website","url":"https:\/\/mahdco.com\/","name":"Mahdco Tunisia","description":"MAHDCO TUNISIE offers its customers a tailor-made subcontracting service in the manufacture of lingerie, corsetry and swimwear","publisher":{"@id":"https:\/\/mahdco.com\/#organization"},"potentialAction":[{"@type":"SearchAction","target":{"@type":"EntryPoint","urlTemplate":"https:\/\/mahdco.com\/?s={search_term_string}"},"query-input":"required name=search_term_string"}],"inLanguage":"fr-FR"},{"@type":"Organization","@id":"https:\/\/mahdco.com\/#organization","name":"Mahdco Tunisia","url":"https:\/\/mahdco.com\/","logo":{"@type":"ImageObject","inLanguage":"fr-FR","@id":"https:\/\/mahdco.com\/#\/schema\/logo\/image\/","url":"http:\/\/mahdco.com\/wp-content\/uploads\/2023\/10\/logo.png","contentUrl":"http:\/\/mahdco.com\/wp-content\/uploads\/2023\/10\/logo.png","width":217,"height":277,"caption":"Mahdco Tunisia"},"image":{"@id":"https:\/\/mahdco.com\/#\/schema\/logo\/image\/"},"sameAs":["https:\/\/fr.linkedin.com\/company\/mahdco"]}]}},"_links":{"self":[{"href":"https:\/\/mahdco.com\/fr\/wp-json\/wp\/v2\/pages\/2936","targetHints":{"allow":["GET"]}}],"collection":[{"href":"https:\/\/mahdco.com\/fr\/wp-json\/wp\/v2\/pages"}],"about":[{"href":"https:\/\/mahdco.com\/fr\/wp-json\/wp\/v2\/types\/page"}],"author":[{"embeddable":true,"href":"https:\/\/mahdco.com\/fr\/wp-json\/wp\/v2\/users\/1"}],"replies":[{"embeddable":true,"href":"https:\/\/mahdco.com\/fr\/wp-json\/wp\/v2\/comments?post=2936"}],"version-history":[{"count":28,"href":"https:\/\/mahdco.com\/fr\/wp-json\/wp\/v2\/pages\/2936\/revisions"}],"predecessor-version":[{"id":3291,"href":"https:\/\/mahdco.com\/fr\/wp-json\/wp\/v2\/pages\/2936\/revisions\/3291"}],"wp:attachment":[{"href":"https:\/\/mahdco.com\/fr\/wp-json\/wp\/v2\/media?parent=2936"}],"curies":[{"name":"wp","href":"https:\/\/api.w.org\/{rel}","templated":true}]}}