{"id":2917,"date":"2023-10-11T16:12:16","date_gmt":"2023-10-11T16:12:16","guid":{"rendered":"https:\/\/mahdco.com\/?page_id=2917"},"modified":"2024-04-23T14:29:30","modified_gmt":"2024-04-23T14:29:30","slug":"references","status":"publish","type":"page","link":"https:\/\/mahdco.com\/fr\/references\/","title":{"rendered":"R\u00e9f\u00e9rences"},"content":{"rendered":"<div data-elementor-type=\"wp-page\" data-elementor-id=\"2917\" class=\"elementor elementor-2917\">\n\t\t\t\t\t\t\t\t\t<div class=\"has_eae_slider elementor-section elementor-top-section elementor-element elementor-element-59f8b29 elementor-section-stretched elementor-section-content-middle elementor-section-boxed elementor-section-height-default elementor-section-height-default\" data-particle_enable=\"false\" data-particle-mobile-disabled=\"false\" data-id=\"59f8b29\" data-element_type=\"section\" data-settings=\"{&quot;stretch_section&quot;:&quot;section-stretched&quot;,&quot;background_background&quot;:&quot;classic&quot;}\">\n\t\t\t\t\t\t<div class=\"elementor-container elementor-column-gap-no\">\n\t\t\t\t\t<div class=\"has_eae_slider elementor-column elementor-col-50 elementor-top-column elementor-element elementor-element-8538a9e\" data-id=\"8538a9e\" data-element_type=\"column\">\n\t\t\t<div class=\"elementor-widget-wrap elementor-element-populated\">\n\t\t\t\t\t\t\t\t<div class=\"elementor-element elementor-element-47f140f elementor-invisible elementor-widget elementor-widget-heading\" data-id=\"47f140f\" data-element_type=\"widget\" data-settings=\"{&quot;_animation&quot;:&quot;fadeInUp&quot;,&quot;_animation_delay&quot;:200}\" data-widget_type=\"heading.default\">\n\t\t\t\t<div class=\"elementor-widget-container\">\n\t\t\t<style>\/*! elementor - v3.18.0 - 08-12-2023 *\/\n.elementor-heading-title{padding:0;margin:0;line-height:1}.elementor-widget-heading .elementor-heading-title[class*=elementor-size-]>a{color:inherit;font-size:inherit;line-height:inherit}.elementor-widget-heading .elementor-heading-title.elementor-size-small{font-size:15px}.elementor-widget-heading .elementor-heading-title.elementor-size-medium{font-size:19px}.elementor-widget-heading .elementor-heading-title.elementor-size-large{font-size:29px}.elementor-widget-heading .elementor-heading-title.elementor-size-xl{font-size:39px}.elementor-widget-heading .elementor-heading-title.elementor-size-xxl{font-size:59px}<\/style><h2 class=\"elementor-heading-title elementor-size-default\">R\u00e9f\u00e9rences<\/h2>\t\t<\/div>\n\t\t\t\t<\/div>\n\t\t\t\t\t<\/div>\n\t\t<\/div>\n\t\t\t\t<div class=\"has_eae_slider elementor-column elementor-col-50 elementor-top-column elementor-element elementor-element-355f797\" data-id=\"355f797\" data-element_type=\"column\">\n\t\t\t<div class=\"elementor-widget-wrap\">\n\t\t\t\t\t\t\t\t\t<\/div>\n\t\t<\/div>\n\t\t\t\t\t\t\t<\/div>\n\t\t<\/div>\n\t\t\t\t<div class=\"has_eae_slider elementor-section elementor-top-section elementor-element elementor-element-d5ff65c elementor-section-boxed elementor-section-height-default elementor-section-height-default\" data-particle_enable=\"false\" data-particle-mobile-disabled=\"false\" data-id=\"d5ff65c\" data-element_type=\"section\" id=\"xs_cta_style_19\">\n\t\t\t\t\t\t<div class=\"elementor-container elementor-column-gap-default\">\n\t\t\t\t\t<div class=\"has_eae_slider elementor-column elementor-col-100 elementor-top-column elementor-element elementor-element-48873e02\" data-id=\"48873e02\" data-element_type=\"column\">\n\t\t\t<div class=\"elementor-widget-wrap elementor-element-populated\">\n\t\t\t\t\t\t\t\t<div class=\"has_eae_slider elementor-section elementor-inner-section elementor-element elementor-element-77d6976f elementor-section-boxed elementor-section-height-default elementor-section-height-default\" data-particle_enable=\"false\" data-particle-mobile-disabled=\"false\" data-id=\"77d6976f\" data-element_type=\"section\" data-settings=\"{&quot;background_background&quot;:&quot;classic&quot;}\">\n\t\t\t\t\t\t<div class=\"elementor-container elementor-column-gap-default\">\n\t\t\t\t\t<div class=\"has_eae_slider elementor-column elementor-col-100 elementor-inner-column elementor-element elementor-element-2c313ac1\" data-id=\"2c313ac1\" data-element_type=\"column\">\n\t\t\t<div class=\"elementor-widget-wrap elementor-element-populated\">\n\t\t\t\t\t\t\t\t<div class=\"elementor-element elementor-element-69fa7e3 elementor-widget elementor-widget-elementskit-heading\" data-id=\"69fa7e3\" data-element_type=\"widget\" data-widget_type=\"elementskit-heading.default\">\n\t\t\t\t<div class=\"elementor-widget-container\">\n\t\t\t<div class=\"ekit-wid-con\" ><div class=\"ekit-heading elementskit-section-title-wraper center   ekit_heading_tablet-   ekit_heading_mobile-\"><h2 class=\"ekit-heading--title elementskit-section-title\">Votre confiance est notre <span><span>R\u00e9f\u00e9rence <\/span><\/span><\/h2>\t\t\t\t<div class='ekit-heading__description'>\n\t\t\t\t\t<p class=\"parag text-just\">Chaque point d'interaction avec les clients est une opportunit\u00e9 de construire un lien de confiance avec eux.<\/p>\n<p class=\"parag text-just\">C'est pourquoi chez MAHDCO TUNISIE, nous avons investi dans la satisfaction de la client\u00e8le pour fournir la confiance et la certitude aux clients. Notre d\u00e9fi est de maintenir des normes de service \u00e9lev\u00e9es pour tous les clients, peu importe o\u00f9 ils se trouvent ou comment ils interagissent avec nous, en leur apportant ce qu'ils devraient attendre d'un partenaire commercial. Nous combinons le savoir-faire traditionnel avec les nouvelles technologies pour garantir un bon travail avec la qualit\u00e9 et les d\u00e9lais requis.<\/p>\n<p class=\"parag text-just\">Le succ\u00e8s de notre entreprise est d\u00fb \u00e0 des clients exigeants et fid\u00e8les que nous remercions sinc\u00e8rement. Nous sommes tr\u00e8s fiers d'avoir pu soutenir des marques bien connues et accompagner de toutes nouvelles marques sur le march\u00e9 de la lingerie f\u00e9minine ou des maillots de bain.<\/p>\n<p class=\"parag text-just\">La confiance de notre client est notre plus grand atout, et nous nous engageons \u00e0 gagner cette confiance chaque jour. Si vous souhaitez plus d'informations sur nos r\u00e9f\u00e9rences, n'h\u00e9sitez pas \u00e0<\/p>\n\t\t\t\t<\/div>\n\t\t\t<\/div><\/div>\t\t<\/div>\n\t\t\t\t<\/div>\n\t\t\t\t<div class=\"elementor-element elementor-element-3ba226b0 elementor-widget elementor-widget-elementskit-button\" data-id=\"3ba226b0\" data-element_type=\"widget\" data-widget_type=\"elementskit-button.default\">\n\t\t\t\t<div class=\"elementor-widget-container\">\n\t\t\t<div class=\"ekit-wid-con\" >\t\t<div class=\"ekit-btn-wraper\">\n\t\t\t\t\t\t\t<a href=\"http:\/\/.\/contact-us\" class=\"elementskit-btn  whitespace--normal\" >\n\t\t\t\t\t\n\t\t\t\t\t\n\t\t\t\t\tContact\t\t\t\t<\/a>\n\t\t\t\t\t\t<\/div>\n        <\/div>\t\t<\/div>\n\t\t\t\t<\/div>\n\t\t\t\t\t<\/div>\n\t\t<\/div>\n\t\t\t\t\t\t\t<\/div>\n\t\t<\/div>\n\t\t\t\t\t<\/div>\n\t\t<\/div>\n\t\t\t\t\t\t\t<\/div>\n\t\t<\/div>\n\t\t\t\t\t\t\t<\/div>","protected":false},"excerpt":{"rendered":"<p>References Your trust is our Reference Every point of interaction with customers is an opportunity to build a bond of trust with them. That&#8217;s why at MAHDCO TUNISIE we have invested in customer satisfaction to provide customer&#8217;s [&hellip;]<\/p>","protected":false},"author":1,"featured_media":0,"parent":0,"menu_order":0,"comment_status":"closed","ping_status":"closed","template":"","meta":{"footnotes":""},"class_list":["post-2917","page","type-page","status-publish","hentry"],"yoast_head":"<!-- This site is optimized with the Yoast SEO plugin v21.7 - https:\/\/yoast.com\/wordpress\/plugins\/seo\/ -->\n<title>References - Mahdco Tunisia<\/title>\n<meta name=\"robots\" content=\"index, follow, max-snippet:-1, max-image-preview:large, max-video-preview:-1\" \/>\n<link rel=\"canonical\" href=\"https:\/\/mahdco.com\/fr\/references\/\" \/>\n<meta property=\"og:locale\" content=\"fr_FR\" \/>\n<meta property=\"og:type\" content=\"article\" \/>\n<meta property=\"og:title\" content=\"References - Mahdco Tunisia\" \/>\n<meta property=\"og:description\" content=\"References Your trust is our Reference Every point of interaction with customers is an opportunity to build a bond of trust with them. That&#8217;s why at MAHDCO TUNISIE we have invested in customer satisfaction to provide customer&#8217;s [&hellip;]\" \/>\n<meta property=\"og:url\" content=\"https:\/\/mahdco.com\/fr\/references\/\" \/>\n<meta property=\"og:site_name\" content=\"Mahdco Tunisia\" \/>\n<meta property=\"article:modified_time\" content=\"2024-04-23T14:29:30+00:00\" \/>\n<meta name=\"twitter:card\" content=\"summary_large_image\" \/>\n<meta name=\"twitter:label1\" content=\"Dur\u00e9e de lecture estim\u00e9e\" \/>\n\t<meta name=\"twitter:data1\" content=\"1 minute\" \/>\n<script type=\"application\/ld+json\" class=\"yoast-schema-graph\">{\"@context\":\"https:\/\/schema.org\",\"@graph\":[{\"@type\":\"WebPage\",\"@id\":\"https:\/\/mahdco.com\/references\/\",\"url\":\"https:\/\/mahdco.com\/references\/\",\"name\":\"References - Mahdco Tunisia\",\"isPartOf\":{\"@id\":\"https:\/\/mahdco.com\/#website\"},\"datePublished\":\"2023-10-11T16:12:16+00:00\",\"dateModified\":\"2024-04-23T14:29:30+00:00\",\"breadcrumb\":{\"@id\":\"https:\/\/mahdco.com\/references\/#breadcrumb\"},\"inLanguage\":\"fr-FR\",\"potentialAction\":[{\"@type\":\"ReadAction\",\"target\":[\"https:\/\/mahdco.com\/references\/\"]}]},{\"@type\":\"BreadcrumbList\",\"@id\":\"https:\/\/mahdco.com\/references\/#breadcrumb\",\"itemListElement\":[{\"@type\":\"ListItem\",\"position\":1,\"name\":\"Home\",\"item\":\"https:\/\/mahdco.com\/\"},{\"@type\":\"ListItem\",\"position\":2,\"name\":\"References\"}]},{\"@type\":\"WebSite\",\"@id\":\"https:\/\/mahdco.com\/#website\",\"url\":\"https:\/\/mahdco.com\/\",\"name\":\"Mahdco Tunisia\",\"description\":\"MAHDCO TUNISIE offers its customers a tailor-made subcontracting service in the manufacture of lingerie, corsetry and swimwear\",\"publisher\":{\"@id\":\"https:\/\/mahdco.com\/#organization\"},\"potentialAction\":[{\"@type\":\"SearchAction\",\"target\":{\"@type\":\"EntryPoint\",\"urlTemplate\":\"https:\/\/mahdco.com\/?s={search_term_string}\"},\"query-input\":\"required name=search_term_string\"}],\"inLanguage\":\"fr-FR\"},{\"@type\":\"Organization\",\"@id\":\"https:\/\/mahdco.com\/#organization\",\"name\":\"Mahdco Tunisia\",\"url\":\"https:\/\/mahdco.com\/\",\"logo\":{\"@type\":\"ImageObject\",\"inLanguage\":\"fr-FR\",\"@id\":\"https:\/\/mahdco.com\/#\/schema\/logo\/image\/\",\"url\":\"http:\/\/mahdco.com\/wp-content\/uploads\/2023\/10\/logo.png\",\"contentUrl\":\"http:\/\/mahdco.com\/wp-content\/uploads\/2023\/10\/logo.png\",\"width\":217,\"height\":277,\"caption\":\"Mahdco Tunisia\"},\"image\":{\"@id\":\"https:\/\/mahdco.com\/#\/schema\/logo\/image\/\"},\"sameAs\":[\"https:\/\/fr.linkedin.com\/company\/mahdco\"]}]}<\/script>\n<!-- \/ Yoast SEO plugin. -->","yoast_head_json":{"title":"References - Mahdco Tunisia","robots":{"index":"index","follow":"follow","max-snippet":"max-snippet:-1","max-image-preview":"max-image-preview:large","max-video-preview":"max-video-preview:-1"},"canonical":"https:\/\/mahdco.com\/fr\/references\/","og_locale":"fr_FR","og_type":"article","og_title":"References - Mahdco Tunisia","og_description":"References Your trust is our Reference Every point of interaction with customers is an opportunity to build a bond of trust with them. That&#8217;s why at MAHDCO TUNISIE we have invested in customer satisfaction to provide customer&#8217;s [&hellip;]","og_url":"https:\/\/mahdco.com\/fr\/references\/","og_site_name":"Mahdco Tunisia","article_modified_time":"2024-04-23T14:29:30+00:00","twitter_card":"summary_large_image","twitter_misc":{"Dur\u00e9e de lecture estim\u00e9e":"1 minute"},"schema":{"@context":"https:\/\/schema.org","@graph":[{"@type":"WebPage","@id":"https:\/\/mahdco.com\/references\/","url":"https:\/\/mahdco.com\/references\/","name":"References - Mahdco Tunisia","isPartOf":{"@id":"https:\/\/mahdco.com\/#website"},"datePublished":"2023-10-11T16:12:16+00:00","dateModified":"2024-04-23T14:29:30+00:00","breadcrumb":{"@id":"https:\/\/mahdco.com\/references\/#breadcrumb"},"inLanguage":"fr-FR","potentialAction":[{"@type":"ReadAction","target":["https:\/\/mahdco.com\/references\/"]}]},{"@type":"BreadcrumbList","@id":"https:\/\/mahdco.com\/references\/#breadcrumb","itemListElement":[{"@type":"ListItem","position":1,"name":"Home","item":"https:\/\/mahdco.com\/"},{"@type":"ListItem","position":2,"name":"References"}]},{"@type":"WebSite","@id":"https:\/\/mahdco.com\/#website","url":"https:\/\/mahdco.com\/","name":"Mahdco Tunisia","description":"MAHDCO TUNISIE offers its customers a tailor-made subcontracting service in the manufacture of lingerie, corsetry and swimwear","publisher":{"@id":"https:\/\/mahdco.com\/#organization"},"potentialAction":[{"@type":"SearchAction","target":{"@type":"EntryPoint","urlTemplate":"https:\/\/mahdco.com\/?s={search_term_string}"},"query-input":"required name=search_term_string"}],"inLanguage":"fr-FR"},{"@type":"Organization","@id":"https:\/\/mahdco.com\/#organization","name":"Mahdco Tunisia","url":"https:\/\/mahdco.com\/","logo":{"@type":"ImageObject","inLanguage":"fr-FR","@id":"https:\/\/mahdco.com\/#\/schema\/logo\/image\/","url":"http:\/\/mahdco.com\/wp-content\/uploads\/2023\/10\/logo.png","contentUrl":"http:\/\/mahdco.com\/wp-content\/uploads\/2023\/10\/logo.png","width":217,"height":277,"caption":"Mahdco Tunisia"},"image":{"@id":"https:\/\/mahdco.com\/#\/schema\/logo\/image\/"},"sameAs":["https:\/\/fr.linkedin.com\/company\/mahdco"]}]}},"_links":{"self":[{"href":"https:\/\/mahdco.com\/fr\/wp-json\/wp\/v2\/pages\/2917","targetHints":{"allow":["GET"]}}],"collection":[{"href":"https:\/\/mahdco.com\/fr\/wp-json\/wp\/v2\/pages"}],"about":[{"href":"https:\/\/mahdco.com\/fr\/wp-json\/wp\/v2\/types\/page"}],"author":[{"embeddable":true,"href":"https:\/\/mahdco.com\/fr\/wp-json\/wp\/v2\/users\/1"}],"replies":[{"embeddable":true,"href":"https:\/\/mahdco.com\/fr\/wp-json\/wp\/v2\/comments?post=2917"}],"version-history":[{"count":7,"href":"https:\/\/mahdco.com\/fr\/wp-json\/wp\/v2\/pages\/2917\/revisions"}],"predecessor-version":[{"id":3294,"href":"https:\/\/mahdco.com\/fr\/wp-json\/wp\/v2\/pages\/2917\/revisions\/3294"}],"wp:attachment":[{"href":"https:\/\/mahdco.com\/fr\/wp-json\/wp\/v2\/media?parent=2917"}],"curies":[{"name":"wp","href":"https:\/\/api.w.org\/{rel}","templated":true}]}}